{"id":91,"date":"2015-12-21T18:55:46","date_gmt":"2015-12-21T18:55:46","guid":{"rendered":"http:\/\/haaner.taxi\/?page_id=91"},"modified":"2021-08-17T18:05:01","modified_gmt":"2021-08-17T18:05:01","slug":"home","status":"publish","type":"page","link":"https:\/\/haaner.taxi\/","title":{"rendered":"Das leisten wir"},"content":{"rendered":"<div id='gallery-1' class='gallery galleryid-91 gallery-columns-4 gallery-size-thumbnail'><figure class='gallery-item'>\n\t\t\t<div class='gallery-icon portrait'>\n\t\t\t\t<a href='https:\/\/haaner.taxi\/?attachment_id=108'><img loading=\"lazy\" decoding=\"async\" width=\"150\" height=\"150\" src=\"https:\/\/haaner.taxi\/wp-content\/uploads\/2015\/12\/IMG_3219-1-150x150.jpg\" class=\"attachment-thumbnail size-thumbnail\" alt=\"\" aria-describedby=\"gallery-1-108\" \/><\/a>\n\t\t\t<\/div>\n\t\t\t\t<figcaption class='wp-caption-text gallery-caption' id='gallery-1-108'>\n\t\t\t\tKrankenfahrten\n\t\t\t\t<\/figcaption><\/figure><figure class='gallery-item'>\n\t\t\t<div class='gallery-icon landscape'>\n\t\t\t\t<a href='https:\/\/haaner.taxi\/?attachment_id=47'><img loading=\"lazy\" decoding=\"async\" width=\"150\" height=\"150\" src=\"https:\/\/haaner.taxi\/wp-content\/uploads\/2015\/12\/IMG_2770-150x150.jpg\" class=\"attachment-thumbnail size-thumbnail\" alt=\"\" aria-describedby=\"gallery-1-47\" \/><\/a>\n\t\t\t<\/div>\n\t\t\t\t<figcaption class='wp-caption-text gallery-caption' id='gallery-1-47'>\n\t\t\t\tGro\u00dfraumfahrten bis zu 8 Personen\n\t\t\t\t<\/figcaption><\/figure><figure class='gallery-item'>\n\t\t\t<div class='gallery-icon portrait'>\n\t\t\t\t<a href='https:\/\/haaner.taxi\/?attachment_id=26'><img loading=\"lazy\" decoding=\"async\" width=\"150\" height=\"150\" src=\"https:\/\/haaner.taxi\/wp-content\/uploads\/2015\/12\/IMG_3220-1-150x150.jpg\" class=\"attachment-thumbnail size-thumbnail\" alt=\"\" aria-describedby=\"gallery-1-26\" \/><\/a>\n\t\t\t<\/div>\n\t\t\t\t<figcaption class='wp-caption-text gallery-caption' id='gallery-1-26'>\n\t\t\t\tBahnhoftransfer\n\t\t\t\t<\/figcaption><\/figure><figure class='gallery-item'>\n\t\t\t<div class='gallery-icon landscape'>\n\t\t\t\t<a href='https:\/\/haaner.taxi\/?attachment_id=256'><img loading=\"lazy\" decoding=\"async\" width=\"150\" height=\"150\" src=\"https:\/\/haaner.taxi\/wp-content\/uploads\/2015\/12\/Flugzeug-150x150.jpg\" class=\"attachment-thumbnail size-thumbnail\" alt=\"\" aria-describedby=\"gallery-1-256\" \/><\/a>\n\t\t\t<\/div>\n\t\t\t\t<figcaption class='wp-caption-text gallery-caption' id='gallery-1-256'>\n\t\t\t\tFlughafentransfer\n\t\t\t\t<\/figcaption><\/figure>\n\t\t<\/div>\n\n<h1><span style=\"color: #000000;\">Hallo, ich gr\u00fc\u00dfe Euch!<\/span><\/h1>\n<p><img loading=\"lazy\" decoding=\"async\" class=\"size-full wp-image-131 aligncenter\" src=\"https:\/\/haaner.taxi\/wp-content\/uploads\/2015\/12\/IMG_2746-Kopie.jpg\" alt=\"IMG_2746 Kopie\" width=\"3308\" height=\"1861\" srcset=\"https:\/\/haaner.taxi\/wp-content\/uploads\/2015\/12\/IMG_2746-Kopie.jpg 3308w, https:\/\/haaner.taxi\/wp-content\/uploads\/2015\/12\/IMG_2746-Kopie-300x169.jpg 300w, https:\/\/haaner.taxi\/wp-content\/uploads\/2015\/12\/IMG_2746-Kopie-768x432.jpg 768w, https:\/\/haaner.taxi\/wp-content\/uploads\/2015\/12\/IMG_2746-Kopie-1024x576.jpg 1024w\" sizes=\"auto, (max-width: 3308px) 100vw, 3308px\" \/><\/p>\n<p><span style=\"color: #ff0000;\"><strong>Sie warten nicht auf uns, sondern wir auf Sie!<\/strong><\/span><\/p>\n<p><img loading=\"lazy\" decoding=\"async\" class=\"aligncenter size-full wp-image-201\" src=\"https:\/\/haaner.taxi\/wp-content\/uploads\/2015\/12\/Bildschirmfoto-2015-12-23-um-09.59.09.png\" alt=\"Bildschirmfoto 2015-12-23 um 09.59.09\" width=\"540\" height=\"105\" srcset=\"https:\/\/haaner.taxi\/wp-content\/uploads\/2015\/12\/Bildschirmfoto-2015-12-23-um-09.59.09.png 540w, https:\/\/haaner.taxi\/wp-content\/uploads\/2015\/12\/Bildschirmfoto-2015-12-23-um-09.59.09-300x58.png 300w\" sizes=\"auto, (max-width: 540px) 100vw, 540px\" \/><\/p>\n\n\n<figure class=\"wp-block-video\"><video height=\"720\" style=\"aspect-ratio: 1280 \/ 720;\" width=\"1280\" autoplay controls loop poster=\"https:\/\/haaner.taxi\/wp-content\/uploads\/2021\/08\/20210510_TAXI_OPPERMANN-34-scaled.jpg\" src=\"https:\/\/haaner.taxi\/wp-content\/uploads\/2021\/08\/MASTER_TL_01_TAXI_OPPERMANN_1280x720_02.mp4\"><\/video><\/figure>\n\n\n\n<div class=\"wp-block-image\"><figure class=\"aligncenter size-large is-resized\"><img loading=\"lazy\" decoding=\"async\" src=\"https:\/\/haaner.taxi\/wp-content\/uploads\/2021\/08\/20210510_TAXI_OPPERMANN-48-683x1024.jpg\" alt=\"\" class=\"wp-image-308\" width=\"512\" height=\"768\" srcset=\"https:\/\/haaner.taxi\/wp-content\/uploads\/2021\/08\/20210510_TAXI_OPPERMANN-48-683x1024.jpg 683w, https:\/\/haaner.taxi\/wp-content\/uploads\/2021\/08\/20210510_TAXI_OPPERMANN-48-200x300.jpg 200w, https:\/\/haaner.taxi\/wp-content\/uploads\/2021\/08\/20210510_TAXI_OPPERMANN-48-768x1152.jpg 768w, https:\/\/haaner.taxi\/wp-content\/uploads\/2021\/08\/20210510_TAXI_OPPERMANN-48-1024x1536.jpg 1024w, https:\/\/haaner.taxi\/wp-content\/uploads\/2021\/08\/20210510_TAXI_OPPERMANN-48-1365x2048.jpg 1365w, https:\/\/haaner.taxi\/wp-content\/uploads\/2021\/08\/20210510_TAXI_OPPERMANN-48-scaled.jpg 1707w\" sizes=\"auto, (max-width: 512px) 100vw, 512px\" \/><\/figure><\/div>\n\n\n\n<p>J\u00f6rg Oppermann<\/p>\n","protected":false},"excerpt":{"rendered":"<p>Hallo, ich gr\u00fc\u00dfe Euch! Sie warten nicht auf uns, sondern wir auf Sie! J\u00f6rg Oppermann<\/p>\n","protected":false},"author":1,"featured_media":0,"parent":0,"menu_order":0,"comment_status":"closed","ping_status":"closed","template":"","meta":{"footnotes":""},"class_list":["post-91","page","type-page","status-publish","hentry"],"_links":{"self":[{"href":"https:\/\/haaner.taxi\/index.php?rest_route=\/wp\/v2\/pages\/91","targetHints":{"allow":["GET"]}}],"collection":[{"href":"https:\/\/haaner.taxi\/index.php?rest_route=\/wp\/v2\/pages"}],"about":[{"href":"https:\/\/haaner.taxi\/index.php?rest_route=\/wp\/v2\/types\/page"}],"author":[{"embeddable":true,"href":"https:\/\/haaner.taxi\/index.php?rest_route=\/wp\/v2\/users\/1"}],"replies":[{"embeddable":true,"href":"https:\/\/haaner.taxi\/index.php?rest_route=%2Fwp%2Fv2%2Fcomments&post=91"}],"version-history":[{"count":23,"href":"https:\/\/haaner.taxi\/index.php?rest_route=\/wp\/v2\/pages\/91\/revisions"}],"predecessor-version":[{"id":309,"href":"https:\/\/haaner.taxi\/index.php?rest_route=\/wp\/v2\/pages\/91\/revisions\/309"}],"wp:attachment":[{"href":"https:\/\/haaner.taxi\/index.php?rest_route=%2Fwp%2Fv2%2Fmedia&parent=91"}],"curies":[{"name":"wp","href":"https:\/\/api.w.org\/{rel}","templated":true}]}}