{"id":71,"date":"2015-12-21T14:57:31","date_gmt":"2015-12-21T14:57:31","guid":{"rendered":"http:\/\/haaner.taxi\/?page_id=71"},"modified":"2021-08-17T18:01:11","modified_gmt":"2021-08-17T18:01:11","slug":"kurier-und-botenfahrten","status":"publish","type":"page","link":"https:\/\/haaner.taxi\/?page_id=71","title":{"rendered":"Kurier- und Botenfahrten"},"content":{"rendered":"<h5>Im Rahmen der Kurier- und Botenfahrten bieten wir Ihnen:<\/h5>\n<ul>\n<li>Kurierfahrten mit PKW, Kombi und Transporter<\/li>\n<li>Botenfahrten und Abholfahrten<\/li>\n<li>Postabholfahrten &#8211; wir bringen und holen Ihre Post<\/li>\n<li>Fahrzeug\u00fcberf\u00fchrungen &#8211; wir stellen einen Fahrer f\u00fcr Ihr Fahrzeug Kl. 3 (B)<\/li>\n<\/ul>\n<p>Innerhalb Haans sind wir in f\u00fcnf Minuten bei Ihnen.<br>\nGerne stellen wir Ihnen ein attraktives Servicepaket zusammen.<\/p>\n<h3><span style=\"color: #ff0000;\"><strong>Sie warten nicht auf uns, sondern wir auf Sie!<\/strong><\/span><\/h3>\n<p><img loading=\"lazy\" decoding=\"async\" class=\"aligncenter size-full wp-image-201\" src=\"https:\/\/haaner.taxi\/wp-content\/uploads\/2015\/12\/Bildschirmfoto-2015-12-23-um-09.59.09.png\" alt=\"Bildschirmfoto 2015-12-23 um 09.59.09\" width=\"540\" height=\"105\" srcset=\"https:\/\/haaner.taxi\/wp-content\/uploads\/2015\/12\/Bildschirmfoto-2015-12-23-um-09.59.09.png 540w, https:\/\/haaner.taxi\/wp-content\/uploads\/2015\/12\/Bildschirmfoto-2015-12-23-um-09.59.09-300x58.png 300w\" sizes=\"auto, (max-width: 540px) 100vw, 540px\" \/><\/p>\n\n\n<div class=\"wp-block-image\"><figure class=\"aligncenter size-large\"><img loading=\"lazy\" decoding=\"async\" width=\"1024\" height=\"683\" src=\"https:\/\/haaner.taxi\/wp-content\/uploads\/2021\/08\/20210510_TAXI_OPPERMANN-26-1024x683.jpg\" alt=\"\" class=\"wp-image-302\" srcset=\"https:\/\/haaner.taxi\/wp-content\/uploads\/2021\/08\/20210510_TAXI_OPPERMANN-26-1024x683.jpg 1024w, https:\/\/haaner.taxi\/wp-content\/uploads\/2021\/08\/20210510_TAXI_OPPERMANN-26-300x200.jpg 300w, https:\/\/haaner.taxi\/wp-content\/uploads\/2021\/08\/20210510_TAXI_OPPERMANN-26-768x512.jpg 768w, https:\/\/haaner.taxi\/wp-content\/uploads\/2021\/08\/20210510_TAXI_OPPERMANN-26-1536x1024.jpg 1536w, https:\/\/haaner.taxi\/wp-content\/uploads\/2021\/08\/20210510_TAXI_OPPERMANN-26-2048x1365.jpg 2048w\" sizes=\"auto, (max-width: 1024px) 100vw, 1024px\" \/><\/figure><\/div>\n","protected":false},"excerpt":{"rendered":"<p>Im Rahmen der Kurier- und Botenfahrten bieten wir Ihnen: Kurierfahrten mit PKW, Kombi und Transporter Botenfahrten und Abholfahrten Postabholfahrten &#8211; wir bringen und holen Ihre Post Fahrzeug\u00fcberf\u00fchrungen &#8211; wir stellen einen Fahrer f\u00fcr Ihr Fahrzeug Kl. 3 (B) Innerhalb Haans sind wir in f\u00fcnf Minuten bei Ihnen. Gerne stellen wir Ihnen ein attraktives Servicepaket zusammen. &hellip; <a href=\"https:\/\/haaner.taxi\/?page_id=71\" class=\"more-link\"><span class=\"screen-reader-text\">Kurier- und Botenfahrten<\/span> weiterlesen <span class=\"meta-nav\">&rarr;<\/span><\/a><\/p>\n","protected":false},"author":1,"featured_media":0,"parent":0,"menu_order":4,"comment_status":"closed","ping_status":"closed","template":"","meta":{"footnotes":""},"class_list":["post-71","page","type-page","status-publish","hentry"],"_links":{"self":[{"href":"https:\/\/haaner.taxi\/index.php?rest_route=\/wp\/v2\/pages\/71","targetHints":{"allow":["GET"]}}],"collection":[{"href":"https:\/\/haaner.taxi\/index.php?rest_route=\/wp\/v2\/pages"}],"about":[{"href":"https:\/\/haaner.taxi\/index.php?rest_route=\/wp\/v2\/types\/page"}],"author":[{"embeddable":true,"href":"https:\/\/haaner.taxi\/index.php?rest_route=\/wp\/v2\/users\/1"}],"replies":[{"embeddable":true,"href":"https:\/\/haaner.taxi\/index.php?rest_route=%2Fwp%2Fv2%2Fcomments&post=71"}],"version-history":[{"count":6,"href":"https:\/\/haaner.taxi\/index.php?rest_route=\/wp\/v2\/pages\/71\/revisions"}],"predecessor-version":[{"id":303,"href":"https:\/\/haaner.taxi\/index.php?rest_route=\/wp\/v2\/pages\/71\/revisions\/303"}],"wp:attachment":[{"href":"https:\/\/haaner.taxi\/index.php?rest_route=%2Fwp%2Fv2%2Fmedia&parent=71"}],"curies":[{"name":"wp","href":"https:\/\/api.w.org\/{rel}","templated":true}]}}