{"id":66,"date":"2015-12-21T14:55:37","date_gmt":"2015-12-21T14:55:37","guid":{"rendered":"http:\/\/haaner.taxi\/?page_id=66"},"modified":"2021-08-17T17:52:38","modified_gmt":"2021-08-17T17:52:38","slug":"ueber-uns","status":"publish","type":"page","link":"https:\/\/haaner.taxi\/?page_id=66","title":{"rendered":"\u00dcber uns"},"content":{"rendered":"<p>Wir sind seit 1995 in Haan ans\u00e4ssig, haben einen Pool von neun<br \/>\nMitarbeitern und sind jeden Tag rund um die Uhr f\u00fcr Sie da.<\/p>\n<p>Diese Wagen stehen f\u00fcr Sie bereit:<\/p>\n<ul>\n<li>2 x VW Touran<\/li>\n<li>Mercedes Vito Gro\u00dfraumlimousine &#8211; mit Platz bis zu 8 Fahrg\u00e4sten z.B. f\u00fcr Ihre Kegeltour<\/li>\n<\/ul>\n<p>Damit bef\u00f6rdern wir Sie rasch, sicher, komfortabel und p\u00fcnktlich.<\/p>\n<p><img loading=\"lazy\" decoding=\"async\" class=\"aligncenter wp-image-288 size-full\" src=\"https:\/\/haaner.taxi\/wp-content\/uploads\/2021\/08\/20210510_TAXI_OPPERMANN-33-scaled.jpg\" alt=\"\" width=\"2560\" height=\"1707\" srcset=\"https:\/\/haaner.taxi\/wp-content\/uploads\/2021\/08\/20210510_TAXI_OPPERMANN-33-scaled.jpg 2560w, https:\/\/haaner.taxi\/wp-content\/uploads\/2021\/08\/20210510_TAXI_OPPERMANN-33-300x200.jpg 300w, https:\/\/haaner.taxi\/wp-content\/uploads\/2021\/08\/20210510_TAXI_OPPERMANN-33-1024x683.jpg 1024w, https:\/\/haaner.taxi\/wp-content\/uploads\/2021\/08\/20210510_TAXI_OPPERMANN-33-768x512.jpg 768w, https:\/\/haaner.taxi\/wp-content\/uploads\/2021\/08\/20210510_TAXI_OPPERMANN-33-1536x1024.jpg 1536w, https:\/\/haaner.taxi\/wp-content\/uploads\/2021\/08\/20210510_TAXI_OPPERMANN-33-2048x1365.jpg 2048w\" sizes=\"auto, (max-width: 2560px) 100vw, 2560px\" \/><\/p>\n<p><img loading=\"lazy\" decoding=\"async\" class=\"aligncenter wp-image-289 size-full\" src=\"https:\/\/haaner.taxi\/wp-content\/uploads\/2021\/08\/20210510_TAXI_OPPERMANN-23-scaled.jpg\" alt=\"\" width=\"2560\" height=\"1707\" srcset=\"https:\/\/haaner.taxi\/wp-content\/uploads\/2021\/08\/20210510_TAXI_OPPERMANN-23-scaled.jpg 2560w, https:\/\/haaner.taxi\/wp-content\/uploads\/2021\/08\/20210510_TAXI_OPPERMANN-23-300x200.jpg 300w, https:\/\/haaner.taxi\/wp-content\/uploads\/2021\/08\/20210510_TAXI_OPPERMANN-23-1024x683.jpg 1024w, https:\/\/haaner.taxi\/wp-content\/uploads\/2021\/08\/20210510_TAXI_OPPERMANN-23-768x512.jpg 768w, https:\/\/haaner.taxi\/wp-content\/uploads\/2021\/08\/20210510_TAXI_OPPERMANN-23-1536x1024.jpg 1536w, https:\/\/haaner.taxi\/wp-content\/uploads\/2021\/08\/20210510_TAXI_OPPERMANN-23-2048x1365.jpg 2048w\" sizes=\"auto, (max-width: 2560px) 100vw, 2560px\" \/><\/p>\n<h3><span style=\"color: #ff0000;\"><strong>Sie warten nicht auf uns, sondern wir auf Sie!<\/strong><\/span><\/h3>\n<p><img loading=\"lazy\" decoding=\"async\" class=\"aligncenter size-full wp-image-201\" src=\"https:\/\/haaner.taxi\/wp-content\/uploads\/2015\/12\/Bildschirmfoto-2015-12-23-um-09.59.09.png\" alt=\"Bildschirmfoto 2015-12-23 um 09.59.09\" width=\"540\" height=\"105\" srcset=\"https:\/\/haaner.taxi\/wp-content\/uploads\/2015\/12\/Bildschirmfoto-2015-12-23-um-09.59.09.png 540w, https:\/\/haaner.taxi\/wp-content\/uploads\/2015\/12\/Bildschirmfoto-2015-12-23-um-09.59.09-300x58.png 300w\" sizes=\"auto, (max-width: 540px) 100vw, 540px\" \/><\/p>\n","protected":false},"excerpt":{"rendered":"<p>Wir sind seit 1995 in Haan ans\u00e4ssig, haben einen Pool von neun Mitarbeitern und sind jeden Tag rund um die Uhr f\u00fcr Sie da. Diese Wagen stehen f\u00fcr Sie bereit: 2 x VW Touran Mercedes Vito Gro\u00dfraumlimousine &#8211; mit Platz bis zu 8 Fahrg\u00e4sten z.B. f\u00fcr Ihre Kegeltour Damit bef\u00f6rdern wir Sie rasch, sicher, komfortabel &hellip; <a href=\"https:\/\/haaner.taxi\/?page_id=66\" class=\"more-link\"><span class=\"screen-reader-text\">\u00dcber uns<\/span> weiterlesen <span class=\"meta-nav\">&rarr;<\/span><\/a><\/p>\n","protected":false},"author":1,"featured_media":0,"parent":0,"menu_order":0,"comment_status":"closed","ping_status":"closed","template":"","meta":{"footnotes":""},"class_list":["post-66","page","type-page","status-publish","hentry"],"_links":{"self":[{"href":"https:\/\/haaner.taxi\/index.php?rest_route=\/wp\/v2\/pages\/66","targetHints":{"allow":["GET"]}}],"collection":[{"href":"https:\/\/haaner.taxi\/index.php?rest_route=\/wp\/v2\/pages"}],"about":[{"href":"https:\/\/haaner.taxi\/index.php?rest_route=\/wp\/v2\/types\/page"}],"author":[{"embeddable":true,"href":"https:\/\/haaner.taxi\/index.php?rest_route=\/wp\/v2\/users\/1"}],"replies":[{"embeddable":true,"href":"https:\/\/haaner.taxi\/index.php?rest_route=%2Fwp%2Fv2%2Fcomments&post=66"}],"version-history":[{"count":18,"href":"https:\/\/haaner.taxi\/index.php?rest_route=\/wp\/v2\/pages\/66\/revisions"}],"predecessor-version":[{"id":290,"href":"https:\/\/haaner.taxi\/index.php?rest_route=\/wp\/v2\/pages\/66\/revisions\/290"}],"wp:attachment":[{"href":"https:\/\/haaner.taxi\/index.php?rest_route=%2Fwp%2Fv2%2Fmedia&parent=66"}],"curies":[{"name":"wp","href":"https:\/\/api.w.org\/{rel}","templated":true}]}}