{"id":61,"date":"2015-12-21T14:51:37","date_gmt":"2015-12-21T14:51:37","guid":{"rendered":"http:\/\/haaner.taxi\/?page_id=61"},"modified":"2021-08-17T17:55:19","modified_gmt":"2021-08-17T17:55:19","slug":"krankenfahrten","status":"publish","type":"page","link":"https:\/\/haaner.taxi\/?page_id=61","title":{"rendered":"Krankenfahrten"},"content":{"rendered":"<h5><img loading=\"lazy\" decoding=\"async\" class=\"aligncenter size-full wp-image-80\" src=\"https:\/\/haaner.taxi\/wp-content\/uploads\/2015\/12\/KOPF-oppi-jpeg-e1450713365694.jpg\" alt=\"KOPF-oppi -jpeg\" width=\"1000\" height=\"250\" \/><\/h5>\n<h5>Ob Arztbesuche oder Klinikaufenthalte.<\/h5>\n<p>Wir bef\u00f6rdern Sie bequem und sicher!<\/p>\n<p>Ob zu Dialyse- und Bestrahlungsterminen oder ins Reha-Zentrum.\u00a0 Wir bef\u00f6rdern Sie p\u00fcnktlich und zuverl\u00e4ssig. Lassen Sie sich von Ihrem behandelnden Arzt einen Kranken-Bef\u00f6rderungsschein ausstellen. <strong>Wird die Fahrt von uns \u00fcbernommen, zahlen Sie nur die gesetzliche Zuzahlung von 5 Euro pro Fahrt.<\/strong> Die restliche Summe rechnen wir mit Ihrer Krankenkasse direkt ab. Sollten Sie von allen Zuzahlungen befreit sein, rechnen wir die gesamten Fahrkosten mit Ihrer Kasse ab.<\/p>\n<p><span style=\"color: #ff0000;\"><strong>Sie warten nicht auf uns, sondern wir auf Sie!<\/strong><\/span><\/p>\n<p><img loading=\"lazy\" decoding=\"async\" class=\"aligncenter size-full wp-image-201\" src=\"https:\/\/haaner.taxi\/wp-content\/uploads\/2015\/12\/Bildschirmfoto-2015-12-23-um-09.59.09.png\" alt=\"Bildschirmfoto 2015-12-23 um 09.59.09\" width=\"540\" height=\"105\" srcset=\"https:\/\/haaner.taxi\/wp-content\/uploads\/2015\/12\/Bildschirmfoto-2015-12-23-um-09.59.09.png 540w, https:\/\/haaner.taxi\/wp-content\/uploads\/2015\/12\/Bildschirmfoto-2015-12-23-um-09.59.09-300x58.png 300w\" sizes=\"auto, (max-width: 540px) 100vw, 540px\" \/><\/p>\n\n\n<div class=\"wp-block-image\"><figure class=\"aligncenter size-large is-resized\"><img loading=\"lazy\" decoding=\"async\" src=\"https:\/\/haaner.taxi\/wp-content\/uploads\/2021\/08\/20210510_TAXI_OPPERMANN-11-683x1024.jpg\" alt=\"\" class=\"wp-image-291\" width=\"292\" height=\"437\" srcset=\"https:\/\/haaner.taxi\/wp-content\/uploads\/2021\/08\/20210510_TAXI_OPPERMANN-11-683x1024.jpg 683w, https:\/\/haaner.taxi\/wp-content\/uploads\/2021\/08\/20210510_TAXI_OPPERMANN-11-200x300.jpg 200w, https:\/\/haaner.taxi\/wp-content\/uploads\/2021\/08\/20210510_TAXI_OPPERMANN-11-768x1152.jpg 768w, https:\/\/haaner.taxi\/wp-content\/uploads\/2021\/08\/20210510_TAXI_OPPERMANN-11-1024x1536.jpg 1024w, https:\/\/haaner.taxi\/wp-content\/uploads\/2021\/08\/20210510_TAXI_OPPERMANN-11-1365x2048.jpg 1365w, https:\/\/haaner.taxi\/wp-content\/uploads\/2021\/08\/20210510_TAXI_OPPERMANN-11-scaled.jpg 1707w\" sizes=\"auto, (max-width: 292px) 100vw, 292px\" \/><\/figure><\/div>\n\n\n\n<p><\/p>\n","protected":false},"excerpt":{"rendered":"<p>Ob Arztbesuche oder Klinikaufenthalte. Wir bef\u00f6rdern Sie bequem und sicher! Ob zu Dialyse- und Bestrahlungsterminen oder ins Reha-Zentrum.\u00a0 Wir bef\u00f6rdern Sie p\u00fcnktlich und zuverl\u00e4ssig. Lassen Sie sich von Ihrem behandelnden Arzt einen Kranken-Bef\u00f6rderungsschein ausstellen. Wird die Fahrt von uns \u00fcbernommen, zahlen Sie nur die gesetzliche Zuzahlung von 5 Euro pro Fahrt. Die restliche Summe rechnen &hellip; <a href=\"https:\/\/haaner.taxi\/?page_id=61\" class=\"more-link\"><span class=\"screen-reader-text\">Krankenfahrten<\/span> weiterlesen <span class=\"meta-nav\">&rarr;<\/span><\/a><\/p>\n","protected":false},"author":1,"featured_media":0,"parent":0,"menu_order":1,"comment_status":"closed","ping_status":"closed","template":"","meta":{"footnotes":""},"class_list":["post-61","page","type-page","status-publish","hentry"],"_links":{"self":[{"href":"https:\/\/haaner.taxi\/index.php?rest_route=\/wp\/v2\/pages\/61","targetHints":{"allow":["GET"]}}],"collection":[{"href":"https:\/\/haaner.taxi\/index.php?rest_route=\/wp\/v2\/pages"}],"about":[{"href":"https:\/\/haaner.taxi\/index.php?rest_route=\/wp\/v2\/types\/page"}],"author":[{"embeddable":true,"href":"https:\/\/haaner.taxi\/index.php?rest_route=\/wp\/v2\/users\/1"}],"replies":[{"embeddable":true,"href":"https:\/\/haaner.taxi\/index.php?rest_route=%2Fwp%2Fv2%2Fcomments&post=61"}],"version-history":[{"count":11,"href":"https:\/\/haaner.taxi\/index.php?rest_route=\/wp\/v2\/pages\/61\/revisions"}],"predecessor-version":[{"id":293,"href":"https:\/\/haaner.taxi\/index.php?rest_route=\/wp\/v2\/pages\/61\/revisions\/293"}],"wp:attachment":[{"href":"https:\/\/haaner.taxi\/index.php?rest_route=%2Fwp%2Fv2%2Fmedia&parent=61"}],"curies":[{"name":"wp","href":"https:\/\/api.w.org\/{rel}","templated":true}]}}